{"id":6,"date":"2022-09-03T14:54:10","date_gmt":"2022-09-03T14:54:10","guid":{"rendered":"https:\/\/dev.jail.fi\/?page_id=6"},"modified":"2022-09-03T20:14:43","modified_gmt":"2022-09-03T20:14:43","slug":"tervetuloa","status":"publish","type":"page","link":"https:\/\/dev.jail.fi\/","title":{"rendered":"Tervetuloa"},"content":{"rendered":"\n<p class=\"has-medium-font-size\">Partiolippukunta Janakkalan Ilvekset on kahdeksankymmen hengen yhteislippukunta. Lippukunnan kotipaikka on Janakkala ja toimimme Turengin taajamassa. Meill\u00e4 on toimintaa kaikissa partion ik\u00e4ryhmiss\u00e4. Kokouspaikkamme, kolo sijaitsee Turengissa Janakkalan seurakuntakeskuksessa.<\/p>\n\n\n\n<p><\/p>\n","protected":false},"excerpt":{"rendered":"<p>Partiolippukunta Janakkalan Ilvekset on kahdeksankymmen hengen yhteislippukunta. Lippukunnan kotipaikka on Janakkala ja toimimme Turengin taajamassa. Meill\u00e4 on toimintaa kaikissa partion ik\u00e4ryhmiss\u00e4. Kokouspaikkamme, kolo sijaitsee Turengissa Janakkalan seurakuntakeskuksessa.<\/p>\n","protected":false},"author":1,"featured_media":0,"parent":0,"menu_order":0,"comment_status":"closed","ping_status":"closed","template":"","meta":[],"_links":{"self":[{"href":"https:\/\/dev.jail.fi\/index.php?rest_route=\/wp\/v2\/pages\/6"}],"collection":[{"href":"https:\/\/dev.jail.fi\/index.php?rest_route=\/wp\/v2\/pages"}],"about":[{"href":"https:\/\/dev.jail.fi\/index.php?rest_route=\/wp\/v2\/types\/page"}],"author":[{"embeddable":true,"href":"https:\/\/dev.jail.fi\/index.php?rest_route=\/wp\/v2\/users\/1"}],"replies":[{"embeddable":true,"href":"https:\/\/dev.jail.fi\/index.php?rest_route=%2Fwp%2Fv2%2Fcomments&post=6"}],"version-history":[{"count":4,"href":"https:\/\/dev.jail.fi\/index.php?rest_route=\/wp\/v2\/pages\/6\/revisions"}],"predecessor-version":[{"id":106,"href":"https:\/\/dev.jail.fi\/index.php?rest_route=\/wp\/v2\/pages\/6\/revisions\/106"}],"wp:attachment":[{"href":"https:\/\/dev.jail.fi\/index.php?rest_route=%2Fwp%2Fv2%2Fmedia&parent=6"}],"curies":[{"name":"wp","href":"https:\/\/api.w.org\/{rel}","templated":true}]}}