{"id":36,"date":"2022-09-03T15:38:52","date_gmt":"2022-09-03T15:38:52","guid":{"rendered":"https:\/\/dev.jail.fi\/?page_id=36"},"modified":"2022-09-03T21:17:31","modified_gmt":"2022-09-03T21:17:31","slug":"kolo","status":"publish","type":"page","link":"https:\/\/dev.jail.fi\/?page_id=36","title":{"rendered":"Kolo"},"content":{"rendered":"\n<p>Kokouspaikkamme partiokolo sijaitsee Turengin seurakuntakeskuksessa Juttilantie 2. Tila on vanha seurakuntakeskuksen l\u00e4mp\u00f6keskus, jonka olemme remontoineet ja sisustaneet partiomaiseksi. Olemme kokoontuneet nykyisell\u00e4 kolollamme vuodesta 2005.<br><br>\n<iframe loading=\"lazy\" style=\"border: 0;\" src=\"https:\/\/www.google.com\/maps\/embed?pb=!1m18!1m12!1m3!1d484.80445931683704!2d24.646264829267377!3d60.91925965072294!2m3!1f0!2f0!3f0!3m2!1i1024!2i768!4f13.1!3m3!1m2!1s0x0%3A0x0!2zNjDCsDU1JzA5LjMiTiAyNMKwMzgnNDguNSJF!5e0!3m2!1sfi!2sno!4v1579453148806!5m2!1sfi!2sno\" allowfullscreen=\"allowfullscreen\" width=\"450\" height=\"450\" frameborder=\"0\"><\/iframe><\/p>\n\n\n\n<figure class=\"wp-block-image\"><img src=\"http:\/\/jail.fi\/wp-content\/uploads\/2020\/01\/perin.jpg\" alt=\"Kolo\"\/><\/figure>\n\n\n\n<p>Kuvassa lippukunnan vartioiden ja laumojen viirej\u00e4 70-luvun alkupuolelta l\u00e4htien.<\/p>\n\n\n\n<figure class=\"wp-block-image\"><img src=\"http:\/\/jail.fi\/wp-content\/uploads\/2020\/01\/kolo.jpg\" alt=\"Kolo\"\/><\/figure>\n","protected":false},"excerpt":{"rendered":"<p>Kokouspaikkamme partiokolo sijaitsee Turengin seurakuntakeskuksessa Juttilantie 2. Tila on vanha seurakuntakeskuksen l\u00e4mp\u00f6keskus, jonka olemme remontoineet ja sisustaneet partiomaiseksi. Olemme kokoontuneet nykyisell\u00e4 kolollamme vuodesta 2005. Kuvassa lippukunnan vartioiden ja laumojen viirej\u00e4 70-luvun alkupuolelta l\u00e4htien.<\/p>\n","protected":false},"author":1,"featured_media":0,"parent":0,"menu_order":0,"comment_status":"closed","ping_status":"closed","template":"","meta":[],"_links":{"self":[{"href":"https:\/\/dev.jail.fi\/index.php?rest_route=\/wp\/v2\/pages\/36"}],"collection":[{"href":"https:\/\/dev.jail.fi\/index.php?rest_route=\/wp\/v2\/pages"}],"about":[{"href":"https:\/\/dev.jail.fi\/index.php?rest_route=\/wp\/v2\/types\/page"}],"author":[{"embeddable":true,"href":"https:\/\/dev.jail.fi\/index.php?rest_route=\/wp\/v2\/users\/1"}],"replies":[{"embeddable":true,"href":"https:\/\/dev.jail.fi\/index.php?rest_route=%2Fwp%2Fv2%2Fcomments&post=36"}],"version-history":[{"count":3,"href":"https:\/\/dev.jail.fi\/index.php?rest_route=\/wp\/v2\/pages\/36\/revisions"}],"predecessor-version":[{"id":157,"href":"https:\/\/dev.jail.fi\/index.php?rest_route=\/wp\/v2\/pages\/36\/revisions\/157"}],"wp:attachment":[{"href":"https:\/\/dev.jail.fi\/index.php?rest_route=%2Fwp%2Fv2%2Fmedia&parent=36"}],"curies":[{"name":"wp","href":"https:\/\/api.w.org\/{rel}","templated":true}]}}