{"id":186,"date":"2022-09-03T21:44:48","date_gmt":"2022-09-03T21:44:48","guid":{"rendered":"https:\/\/dev.jail.fi\/?page_id=186"},"modified":"2022-09-03T21:45:11","modified_gmt":"2022-09-03T21:45:11","slug":"186-2","status":"publish","type":"page","link":"https:\/\/dev.jail.fi\/?page_id=186","title":{"rendered":"Yhteystiedot"},"content":{"rendered":"\n<ul><li>Lippukunnanjohtaja: Timo Valli lpkj@jail.fi tai 0408337213<\/li><li>Hallitus: Marika Tourunen, Timo Valli, Iiro Niemel\u00e4 ja Risto Kolmonen<\/li><li>Postia hallitukselle: hallitus@jail.fi<\/li><li>Kotisivujen yll\u00e4pit\u00e4j\u00e4: Iiro Niemel\u00e4 webmaster@jail.fi<\/li><li>Janakkalan Ilvesten tilinumero FI79 5078 0840 0325 40<\/li><\/ul>\n\n\n\n<p><\/p>\n\n\n\n<p><\/p>\n\n\n\n<p>Ajo-ohjeet S\u00e4ippiin: Turengista kiertoliittym\u00e4st\u00e4 Lammintiert\u00e4 10,2 km Lammin suuntaan, k\u00e4\u00e4nny oikealle S\u00e4ipintie ja aja 750 metri\u00e4 niin veneranta on vasemmalla juuri ennen tenniskentt\u00e4\u00e4<\/p>\n\n\n\n<p>Osoite: S\u00e4ipintie 75, 14200 Turenki<\/p>\n\n\n\n<p>Liitteit\u00e4:<\/p>\n\n\n\n<ul><li><a href=\"\/wp-content\/uploads\/2021\/10\/Toimintakertomus-2020.pdf\" target=\"_blank\" rel=\"noreferrer noopener\">Toimintakertomus<\/a><\/li><li><a href=\"wp-content\/uploads\/2019\/10\/laskulomake.pdf\" target=\"_blank\" rel=\"noreferrer noopener\">Laskulomake<\/a><\/li><li><a href=\"\/wp-content\/uploads\/2021\/10\/Toimintasuunnitelma-2021.pdf\" target=\"_blank\" rel=\"noreferrer noopener\">Toimintasuunnitelma<\/a><\/li><li><a href=\"wp-content\/uploads\/2019\/10\/tapahtumailmoitus.pdf\" target=\"_blank\" rel=\"noreferrer noopener\">Tapahtumailmoitus<\/a><\/li><\/ul>\n","protected":false},"excerpt":{"rendered":"<p>Lippukunnanjohtaja: Timo Valli lpkj@jail.fi tai 0408337213 Hallitus: Marika Tourunen, Timo Valli, Iiro Niemel\u00e4 ja Risto Kolmonen Postia hallitukselle: hallitus@jail.fi Kotisivujen yll\u00e4pit\u00e4j\u00e4: Iiro Niemel\u00e4 webmaster@jail.fi Janakkalan Ilvesten tilinumero FI79 5078 0840 0325 40 Ajo-ohjeet S\u00e4ippiin: Turengista kiertoliittym\u00e4st\u00e4 Lammintiert\u00e4 10,2 km Lammin suuntaan, k\u00e4\u00e4nny oikealle S\u00e4ipintie ja aja 750 metri\u00e4 niin veneranta on vasemmalla juuri ennen tenniskentt\u00e4\u00e4 &#8230; <a title=\"Yhteystiedot\" class=\"read-more\" href=\"https:\/\/dev.jail.fi\/?page_id=186\" aria-label=\"Lis\u00e4\u00e4 Yhteystiedot\">Lue lis\u00e4\u00e4<\/a><\/p>\n","protected":false},"author":1,"featured_media":0,"parent":0,"menu_order":0,"comment_status":"closed","ping_status":"closed","template":"","meta":[],"_links":{"self":[{"href":"https:\/\/dev.jail.fi\/index.php?rest_route=\/wp\/v2\/pages\/186"}],"collection":[{"href":"https:\/\/dev.jail.fi\/index.php?rest_route=\/wp\/v2\/pages"}],"about":[{"href":"https:\/\/dev.jail.fi\/index.php?rest_route=\/wp\/v2\/types\/page"}],"author":[{"embeddable":true,"href":"https:\/\/dev.jail.fi\/index.php?rest_route=\/wp\/v2\/users\/1"}],"replies":[{"embeddable":true,"href":"https:\/\/dev.jail.fi\/index.php?rest_route=%2Fwp%2Fv2%2Fcomments&post=186"}],"version-history":[{"count":2,"href":"https:\/\/dev.jail.fi\/index.php?rest_route=\/wp\/v2\/pages\/186\/revisions"}],"predecessor-version":[{"id":189,"href":"https:\/\/dev.jail.fi\/index.php?rest_route=\/wp\/v2\/pages\/186\/revisions\/189"}],"wp:attachment":[{"href":"https:\/\/dev.jail.fi\/index.php?rest_route=%2Fwp%2Fv2%2Fmedia&parent=186"}],"curies":[{"name":"wp","href":"https:\/\/api.w.org\/{rel}","templated":true}]}}